{"id":5389,"date":"2016-06-30T15:04:30","date_gmt":"2016-06-30T13:04:30","guid":{"rendered":"http:\/\/www.sva-potsdam.de\/?page_id=5389"},"modified":"2024-11-21T09:47:08","modified_gmt":"2024-11-21T08:47:08","slug":"privacy","status":"publish","type":"page","link":"https:\/\/www.sva-potsdam.de\/en\/privacy\/","title":{"rendered":"Datenschutz"},"content":{"rendered":"<h2><strong>Datenschutzerkl\u00e4rung<\/strong><\/h2>\n<h3><strong><br \/>\n<\/strong>Geltungsbereich\/ Grundlegendes<\/h3>\n<p>Diese Datenschutzerkl\u00e4rung kl\u00e4rt gem\u00e4\u00df der EU-Datenschutz-Grundverordnung (DSGVO) sowie dem Bundesdatenschutzgesetz (BDSG), dem Teledienstedatenschutzgesetz (TDDSG) und dem Telemediengesetz (TMG) die Besucher\/-innen (im folgenden &#8220;Nutzer&#8221;) der Seite www.sva-potsdam.de \u00fcber Art, Umfang, Zweck der Erhebung und Verwendung personenbezogener Daten durch den verantwortlichen Anbieter Schiffbau-Versuchsanstalt Potsdam GmbH \/ SVAtech GmbH (Marquardter Chaussee 100, 14469 Potsdam \/ 0331 56712 0 \/ info@sva-potsdam.de) auf.<\/p>\n<p>Wir nehmen Ihren Datenschutz sehr ernst und behandeln Ihre personenbezogenen Daten vertraulich und entsprechend gesetzlicher Vorschriften. Durch den Einsatz neuer Technologien und die st\u00e4ndige Weiterentwicklung dieser Webseite kann es zu \u00c4nderungen an der Datenschutzerkl\u00e4rung kommen. Wir empfehlen Ihnen deshalb, unsere Datenschutzerkl\u00e4rung in regelm\u00e4\u00dfigen Abst\u00e4nden neu zur Kenntnis zu nehmen.<\/p>\n<h3>Personenbezogene Daten<\/h3>\n<p>Soweit in den folgenden Abschnitten nicht anders dargestellt, erheben, nutzen oder verarbeiten wir grunds\u00e4tzlich keine personenbezogenen Daten bei der Nutzung unser Webseite. Unsere Webseite kann kostenlos und ohne jedwede Registrierung genutzt werden.<\/p>\n<p>Wir erheben nur dann pers\u00f6nliche Daten, wenn Sie aktiv mit uns Kontakt aufnehmen, z.B. via E-Mail oder Kontaktformular. Wir speichern nur dann Ihre pers\u00f6nlichen Daten, wenn Sie diese von sich aus, z.B. bei Anfrage \u00fcber das Kontaktformular, angeben. Siehe Absatz \u201eUmgang mit Kontaktdaten\u201c bzw. \u201eBewerbungen\u201c.<\/p>\n<p>Wir geben Ihre Daten nicht an Dritte weiter, Ausnahmen von dieser Regelung sind einzelnen\u00a0 folgenden Abschnitten beschrieben.<\/p>\n<p>Sie haben die M\u00f6glichkeit, der Verwendung Ihrer Daten zu widersprechen. Sie k\u00f6nnen uns gegen\u00fcber jederzeit eine Erkl\u00e4rung Ihres Widerspruches, z.B. per E-Mail an <a href=\"mailto:info@sva-potsdam.de\">info@sva-potsdam.de<\/a> aussprechen.<\/p>\n<p>Wir geben Ihnen unentgeltlich Auskunft \u00fcber Ihre bei uns gespeicherten personenbezogenen Daten.\u00a0 Sie haben das Recht Ihre personenbezogenen Daten bei uns berichtigen, l\u00f6schen oder sperren zu lassen.<\/p>\n<h3>Server-Logfiles \/ Zugriffsdaten<\/h3>\n<p>Wir (beziehungsweise unser Provider <a href=\"https:\/\/www.servado.de\/\">Servado<\/a>) erheben aufgrund unseres berechtigten Interesses (s. Art. 6 Abs. 1 Buchstabe f. DSGVO)\u00a0 Daten des Nutzers \u00fcber jeden Zugriff auf das Angebot (diese werden als Server-Logfiles bezeichnet).<\/p>\n<p>Die Zugriffsdaten umfassen:<\/p>\n<ul>\n<li>IP-Adresse<\/li>\n<li>Provider<\/li>\n<li>Referrer-URL (Quelle\/verweis Webseite die zuvor aufgerufen wurde)<\/li>\n<li>Adresse des abgerufenen Inhalts<\/li>\n<li>Zeitpunkt des Zugriffes (Datum + Uhrzeit)<\/li>\n<li>Gr\u00f6\u00dfe der \u00fcbertragenden Datenmenge<\/li>\n<li>Statuscode \u00fcber den Zugriff<\/li>\n<\/ul>\n<p>Ihr Browser \u00fcbermittelt uns zus\u00e4tzlich sog. \u201e<a href=\"http:\/\/de.wikipedia.org\/wiki\/User_Agent#Webbrowser\">User Agent String<\/a>s\u201c, diese werden ebenfalls erhoben und umfassen:<\/p>\n<ul>\n<li>Browsertyp und \u2013version<\/li>\n<li>Betriebssystem (OS)<\/li>\n<\/ul>\n<p>Wir und der Provider <a href=\"https:\/\/www.servado.de\/\">Servado<\/a> verwenden diese Zugriffsdaten nur f\u00fcr statistische Auswertungen zum Zweck des Betriebes, der Sicherheit und der Optimierung des Angebotes und geben sie nicht an Dritte weiter. Wir und der Provider behalten uns jedoch vor, die Protokolldaten nachtr\u00e4glich zu \u00fcberpr\u00fcfen, wenn aufgrund konkreter Anhaltspunkte der berechtigte Verdacht einer rechtswidrigen Nutzung besteht.<\/p>\n<h3>Cookies<\/h3>\n<p>Wir verwenden Cookies auf unserer Webseite. Cookies sind kleine Textdateien, die vom Webseitenserver auf Ihr Endger\u00e4t \u00fcbertragen werden. Cookies richten auf Ihrem Endger\u00e4t keinen Schaden an \u00a0und enthalten keine Viren. Die Cookies unserer Internetseite erheben keinerlei personenbezogene Daten, ein Tracking \u00fcber Cookies findet bei uns nicht statt. \u00a0\u00a0Mithilfe des Cookies speichern wir Ihre momentanen Einstellungen auf der Webseite ab, wodurch sich u.a. die Navigation erleichtert. Auf unserer Webseite werden nur Session-Cookies eingesetzt, die nach Schlie\u00dfung des Browserfensters automatisch gel\u00f6scht werden.<\/p>\n<p>Sie k\u00f6nnen grunds\u00e4tzlich auch ohne Cookies unsere Webseite betrachten. Internet-Browser sind so eingestellt, das sie Cookies akzeptieren. Sie k\u00f6nnen die Verwendung von Cookies in Ihrem Browser jederzeit deaktivieren. Bitte verwenden Sie daf\u00fcr die Hilfefunktion Ihres Browsers um zu erfahren, wie Sie Cookies deaktivieren k\u00f6nnen. Bitte beachten Sie, dass einzelne Funktionen unserer Webseite nicht funktionieren, wenn Sie die Verwendung von Cookies deaktiviert haben.<\/p>\n<h3>SSL-Verschl\u00fcsselung<\/h3>\n<p>Um sicherzustellen, dass Ihre Daten beim \u00dcbertragen gesch\u00fctzt sind, verwenden wir dem aktuellen Stand der Technik entsprechende Verschl\u00fcsselungsverfahren (z.B. SSL) \u00fcber HTTPS.<\/p>\n<h3>Umgang mit Kontaktdaten<\/h3>\n<p>Wenn Sie uns Anfragen per Telefon, Post, E-Mail, Kontaktformular oder Fax zukommen lassen, werden Ihre Angaben zwecks Bearbeitung und Beantwortung Ihrer Anfrage und f\u00fcr den Fall von Anschlussfragen bei uns gespeichert. Diese Daten werden nicht ohne Ihre Einwilligung an Dritte weitergeben.<\/p>\n<p>Mit der Kontaktaufnahme willigen Sie der Verarbeitung Ihrer Daten ein, wobei wir zusichern,\u00a0 die Daten nur zu Ihrem gewollten Zweck zu verwenden.<\/p>\n<p>Die Verarbeitung der Daten erfolgt somit ausschlie\u00dflich auf Grundlage Ihrer Einwilligung (Art. 6 Abs. 1 Buchstabe a. DSGVO). Sie k\u00f6nnen diese Einwilligung jederzeit widerrufen. Dazu reicht eine formlose Mitteilung per E-Mail an <a href=\"mailto:info@sva-potsdam.de\">info@sva-potsdam.de<\/a>. Die Rechtm\u00e4\u00dfigkeit der bis zum Widerruf erfolgten Datenverarbeitungsvorg\u00e4nge bleibt vom Widerruf unber\u00fchrt.<\/p>\n<p>Die von Ihnen eingegebenen Daten verbleiben bei uns, bis Sie uns zur L\u00f6schung auffordern, Ihre Einwilligung zur Speicherung widerrufen oder der Zweck f\u00fcr die Datenspeicherung entf\u00e4llt (z.B. nach abgeschlossener Bearbeitung Ihrer Anfrage). Zwingende gesetzliche Bestimmungen \u2013 insbesondere Aufbewahrungs- oder L\u00f6schfristen \u2013 bleiben unber\u00fchrt.<\/p>\n<h3>Bewerbungen<\/h3>\n<p>Sie haben die M\u00f6glichkeit, sich auf elektronischem Wege bei unserem Unternehmen zu bewerben. Ihre Angaben werden ausschlie\u00dflich zur Bearbeitung Ihrer Bewerbung verwendet und nicht an Dritte weitergegeben. Dabei ist zu beachten, dass unverschl\u00fcsselt verschickte E-Mails auch von Dritten gelesen werden k\u00f6nnen. Wir l\u00f6schen Ihre personenbezogenen Daten nach Abschluss des Bewerbungsverfahrens bzw. nach 6 Monaten, falls Sie keine ausdr\u00fcckliche Einwilligung einer l\u00e4ngeren Speicherung Ihrer Daten erteilt haben.<\/p>\n<h3>Daten\u00fcbermittlung an externe Dienstleister<\/h3>\n<p>Wir verwenden keine externen Dienstleister zur Verarbeitung Ihrer personenbezogenen Daten mit Ausnahme des Providers Servado und der in den folgenden Abschnitten beschriebenen weiteren Ausnahmen.<\/p>\n<h3>Datensicherheit<\/h3>\n<p>Wir setzen technische und organisatorische Sicherheitsma\u00dfnahmen nach VdS 3473 ein. Siehe dazu <a href=\"https:\/\/vds.de\/fileadmin\/vds_publikationen\/vds_3473_web.pdf\">https:\/\/vds.de\/fileadmin\/vds_publikationen\/vds_3473_web.pdf<\/a><\/p>\n<h3>Externe Links<\/h3>\n<p>Wir haben keinen Einfluss auf den Inhalt anderer Webseiten, auf die wir verlinken, deswegen \u00fcbernehmen wir keine Verantwortung\/Haftung.<\/p>\n<h3>Verwendung von Social Plugins<\/h3>\n<p>Wir verwenden auf unserer Webseite keine Social Plugins (z.B. Facebook und co., Social Bookmarks).<\/p>\n<h3>Plugin Google Web Fonts<\/h3>\n<p>Im Interesse der einheitlichen und ansprechenden Darstellung von Schriftarten nutzt unsere Webseite sogenannte Web Fonts, die von Google bereitgestellt werden. Anbieter ist die Google Inc., 1600 Amphitheatre Parkway, Mountain View, CA 94043, USA. Durch den Aufruf unserer Seiten l\u00e4dt Ihr Browser die ben\u00f6tigten Web Fonts in ihren Browsercache, um Texte und Schriftarten korrekt anzuzeigen. Daf\u00fcr baut Ihr Browser eine Verbindung zu den Servern von Google auf.<\/p>\n<p>Wir haben mit unserer Webseite keinen Einfluss auf diese Daten\u00fcbertragung und die Erhebung personenbezogener Daten durch Google.<\/p>\n<p>Weitere Informationen zu Google Web Fonts finden Sie unter https:\/\/developers.google.com\/fonts\/faq und in der Datenschutzerkl\u00e4rung von Google: <a href=\"https:\/\/www.google.com\/policies\/privacy\/\">https:\/\/www.google.com\/policies\/privacy\/<\/a>.<\/p>\n<h3>Plugin Google Maps<\/h3>\n<p>Zur Unterst\u00fctzung der leichten geografischen Auffindbarkeit unserer Unternehmen und der Darstellung von Kartenmaterial verwenden wir auf unserer Webseite die Google Maps API. Anbieter ist die Google Inc., 1600 Amphitheatre Parkway, Mountain View, CA 94043, USA. Wir haben mit unserer Webseite keinen Einfluss auf diese Daten\u00fcbertragung. Sehen Sie dazu die Datenschutzerkl\u00e4rung von Google: <a href=\"https:\/\/www.google.com\/policies\/privacy\">https:\/\/www.google.com\/policies\/privacy<\/a>.<\/p>\n<h3>Plugin Vimeo<\/h3>\n<p>Wir verwenden die Video-Plattform \u201eVimeo\u201c des Anbieters Vimeo Inc., Legal Department, 555 West 18th Street New York, New York 10011, USA, zur Einbindung und Darstellung unserer Videos.<\/p>\n<p>Wir haben keinen Einfluss auf den Datenschutz beim Anbieter \u201eVimeo Inc.\u201c und verweisen deswegen auf deren Datenschutzerkl\u00e4rung: <a href=\"https:\/\/vimeo.com\/privacy\">https:\/\/vimeo.com\/privacy<\/a>.<\/p>\n<h3>Widerspruch gegen Werbe-Mails, Werbe-Anrufen, Werbe-Faxe, Werbe Sendungen.<\/h3>\n<p>Wir widersprechen hiermit der Nutzung der von im Rahmen der Impressumspflicht ver\u00f6ffentlichten Kontaktdaten zur \u00dcbersendung von nicht ausdr\u00fccklich angeforderter Werbung und Informationsmaterialien.<\/p>\n<p>Wir behalten uns ausdr\u00fccklich rechtliche Schritte im Falle der unverlangten Zusendung von Werbeinformationen, etwa durch Spam-E-Mails, Telefonwerbung, Werbefaxen und anderer Werbesendungen vor.<\/p>\n<h3><strong>Name und Anschrift der Verantwortlichen<\/strong><\/h3>\n<p>Wenn Sie Fragen oder Anmerkungen zum Datenschutz der Schiffbau &#8211; Versuchsanstalt Potsdam GmbH oder der SVAtech GmbH haben oder der Verwendung Ihrer personenbezogenen Daten zum Zwecke der Werbung, der Markt- oder Meinungsforschung widersprechen wollen, schreiben Sie bitte an:<\/p>\n<h4>Kontaktdaten der Verantwortlichen:<\/h4>\n<p>Schiffbau &#8211; Versuchsantalt Potsdam GmbH \/ \u00a0SVAtech GmbH<\/p>\n<p>Dipl.-Phys. Kay Domke, M.Eng Simon Froitzheim<\/p>\n<p>Marquardter Chaussee 100<\/p>\n<p>14469 Potsdam<\/p>\n<p>Deutschland<\/p>\n<p>info@sva-potsdam.de<\/p>\n<p>Gesetzliche Vertreter:<\/p>\n<p>Dipl.-Phys. Kay Domke, M.Eng Simon Froitzheim<\/p>\n","protected":false},"excerpt":{"rendered":"<p>Datenschutzerkl\u00e4rung Geltungsbereich\/ Grundlegendes Diese Datenschutzerkl\u00e4rung kl\u00e4rt gem\u00e4\u00df der EU-Datenschutz-Grundverordnung (DSGVO) sowie dem Bundesdatenschutzgesetz (BDSG), dem Teledienstedatenschutzgesetz (TDDSG) und dem Telemediengesetz (TMG) die Besucher\/-innen (im folgenden &#8220;Nutzer&#8221;) der Seite www.sva-potsdam.de \u00fcber Art, Umfang, Zweck der Erhebung und Verwendung personenbezogener Daten durch den verantwortlichen Anbieter Schiffbau-Versuchsanstalt Potsdam GmbH \/ SVAtech GmbH (Marquardter Chaussee 100, 14469 Potsdam \/ 0331 56712 0 \/ info@sva-potsdam.de) auf. Wir nehmen Ihren Datenschutz sehr ernst und behandeln Ihre personenbezogenen Daten vertraulich und entsprechend gesetzlicher Vorschriften. Durch den Einsatz<\/p>\n","protected":false},"author":7,"featured_media":0,"parent":0,"menu_order":0,"comment_status":"closed","ping_status":"closed","template":"","meta":{"_acf_changed":false,"footnotes":""},"class_list":["post-5389","page","type-page","status-publish","hentry"],"acf":[],"aioseo_notices":[],"_links":{"self":[{"href":"https:\/\/www.sva-potsdam.de\/en\/wp-json\/wp\/v2\/pages\/5389","targetHints":{"allow":["GET"]}}],"collection":[{"href":"https:\/\/www.sva-potsdam.de\/en\/wp-json\/wp\/v2\/pages"}],"about":[{"href":"https:\/\/www.sva-potsdam.de\/en\/wp-json\/wp\/v2\/types\/page"}],"author":[{"embeddable":true,"href":"https:\/\/www.sva-potsdam.de\/en\/wp-json\/wp\/v2\/users\/7"}],"replies":[{"embeddable":true,"href":"https:\/\/www.sva-potsdam.de\/en\/wp-json\/wp\/v2\/comments?post=5389"}],"version-history":[{"count":6,"href":"https:\/\/www.sva-potsdam.de\/en\/wp-json\/wp\/v2\/pages\/5389\/revisions"}],"predecessor-version":[{"id":8704,"href":"https:\/\/www.sva-potsdam.de\/en\/wp-json\/wp\/v2\/pages\/5389\/revisions\/8704"}],"wp:attachment":[{"href":"https:\/\/www.sva-potsdam.de\/en\/wp-json\/wp\/v2\/media?parent=5389"}],"curies":[{"name":"wp","href":"https:\/\/api.w.org\/{rel}","templated":true}]}}