{"id":1234,"date":"2015-06-19T16:07:53","date_gmt":"2015-06-19T14:07:53","guid":{"rendered":"http:\/\/www.sva-potsdam.de\/impressum-2\/"},"modified":"2024-11-21T09:40:42","modified_gmt":"2024-11-21T08:40:42","slug":"imprint","status":"publish","type":"page","link":"https:\/\/www.sva-potsdam.de\/en\/imprint\/","title":{"rendered":"IMPRINT"},"content":{"rendered":"<h3>Rechtliche Hinweise<\/h3>\n<p>Alle Inhalte dieser Internetseite sind urheberrechtlich gesch\u00fctzt. Kein Teil der hier abrufbaren Inhalte darf ohne ausdr\u00fcckliche schriftliche Erlaubnis des Betreibers reproduziert, gedruckt, \u00fcbersetzt, in digitaler Form weiterbearbeitet, in Archive \u00fcbernommen oder Dritten unter einer fremden URL zug\u00e4nglich gemacht werden. Die \u00dcbernahme von Inhalten in Datenbest\u00e4nde, die ausschlie\u00dflich f\u00fcr den privaten Gebrauch eines Nutzers bestimmt sind, wird gestattet.<\/p>\n<p>Der Betreiber dieser Internet-Seite \u00fcbernimmt keine Haftung f\u00fcr Inhalte auf fremden Servern, auch wenn auf diese durch Link verwiesen wird oder wenn diese im Rahmen der Berichterstattung erw\u00e4hnt werden. Der Betreiber distanziert sich ausdr\u00fccklich von allen Inhalten, die gegen geltendes Recht oder die ethischen Grunds\u00e4tze versto\u00dfen.<\/p>\n<p>Namen und Bezeichnungen werden in der redaktionellen Berichterstattung ohne R\u00fccksicht und Hinweis auf eventuelle Schutzrechte Dritter verwendet. Sollten auf dieser Webseite Verletzungen des Urheberrechts (Copyright) irgendwelcher Art vorliegen, bitte ich, mich per E-Mail zu informieren.<\/p>\n<h3>Rechtliche Hinweise<\/h3>\n<p>Die Nutzung unserer Webseite ist in der Regel ohne Angabe personenbezogener Daten m\u00f6glich. Soweit auf unseren Seiten personenbezogene Daten (beispielsweise Name, Anschrift oder E-Mail-Adressen) erhoben werden, erfolgt dies, soweit m\u00f6glich, stets auf freiwilliger Basis. Diese Daten werden ohne Ihre ausdr\u00fcckliche Zustimmung nicht an Dritte weitergegeben. Wir weisen darauf hin, dass die Daten\u00fcbertragung im Internet (z.B. bei der Kommunikation per E-Mail) Sicherheitsl\u00fccken aufweisen kann. Ein l\u00fcckenloser Schutz der Daten vor dem Zugriff durch Dritte ist nicht m\u00f6glich. Der Nutzung von im Rahmen der Impressumspflicht ver\u00f6ffentlichten Kontaktdaten durch Dritte zur \u00dcbersendung von nicht ausdr\u00fccklich angeforderter Werbung und Informationsmaterialien wird hiermit ausdr\u00fccklich widersprochen. Der Betreiber der Seite beh\u00e4lt sich ausdr\u00fccklich rechtliche Schritte im Falle der unverlangten Zusendung von Werbeinformationen, etwa durch Spam-Mails, vor.<\/p>\n<h3>Bildernachweis<\/h3>\n<p>Offshore: \u00a9 Frankix &#8211; Fotolia.com<\/p>\n","protected":false},"excerpt":{"rendered":"<p>Rechtliche Hinweise Alle Inhalte dieser Internetseite sind urheberrechtlich gesch\u00fctzt. Kein Teil der hier abrufbaren Inhalte darf ohne ausdr\u00fcckliche schriftliche Erlaubnis des Betreibers reproduziert, gedruckt, \u00fcbersetzt, in digitaler Form weiterbearbeitet, in Archive \u00fcbernommen oder Dritten unter einer fremden URL zug\u00e4nglich gemacht werden. Die \u00dcbernahme von Inhalten in Datenbest\u00e4nde, die ausschlie\u00dflich f\u00fcr den privaten Gebrauch eines Nutzers bestimmt sind, wird gestattet. Der Betreiber dieser Internet-Seite \u00fcbernimmt keine Haftung f\u00fcr Inhalte auf fremden Servern, auch wenn auf diese durch Link verwiesen wird oder<\/p>\n","protected":false},"author":8,"featured_media":0,"parent":0,"menu_order":0,"comment_status":"closed","ping_status":"closed","template":"page-with-sidebar.php","meta":{"_acf_changed":false,"footnotes":""},"class_list":["post-1234","page","type-page","status-publish","hentry"],"acf":[],"aioseo_notices":[],"_links":{"self":[{"href":"https:\/\/www.sva-potsdam.de\/en\/wp-json\/wp\/v2\/pages\/1234","targetHints":{"allow":["GET"]}}],"collection":[{"href":"https:\/\/www.sva-potsdam.de\/en\/wp-json\/wp\/v2\/pages"}],"about":[{"href":"https:\/\/www.sva-potsdam.de\/en\/wp-json\/wp\/v2\/types\/page"}],"author":[{"embeddable":true,"href":"https:\/\/www.sva-potsdam.de\/en\/wp-json\/wp\/v2\/users\/8"}],"replies":[{"embeddable":true,"href":"https:\/\/www.sva-potsdam.de\/en\/wp-json\/wp\/v2\/comments?post=1234"}],"version-history":[{"count":9,"href":"https:\/\/www.sva-potsdam.de\/en\/wp-json\/wp\/v2\/pages\/1234\/revisions"}],"predecessor-version":[{"id":8695,"href":"https:\/\/www.sva-potsdam.de\/en\/wp-json\/wp\/v2\/pages\/1234\/revisions\/8695"}],"wp:attachment":[{"href":"https:\/\/www.sva-potsdam.de\/en\/wp-json\/wp\/v2\/media?parent=1234"}],"curies":[{"name":"wp","href":"https:\/\/api.w.org\/{rel}","templated":true}]}}